{"id":10,"date":"2023-05-22T01:30:39","date_gmt":"2023-05-21T22:30:39","guid":{"rendered":"http:\/\/voncappadocia.com\/?page_id=10"},"modified":"2023-05-24T00:35:33","modified_gmt":"2023-05-23T21:35:33","slug":"bize-ulasin","status":"publish","type":"page","link":"https:\/\/voncappadocia.com\/?page_id=10","title":{"rendered":"Bize ula\u015f\u0131n"},"content":{"rendered":"<div class=\"wp-block-image\">\n<figure class=\"aligncenter size-full\"><img loading=\"lazy\" decoding=\"async\" width=\"446\" height=\"120\" src=\"https:\/\/voncappadocia.com\/wp-content\/uploads\/2023\/05\/logo.png\" alt=\"\" class=\"wp-image-16\" srcset=\"https:\/\/voncappadocia.com\/wp-content\/uploads\/2023\/05\/logo.png 446w, https:\/\/voncappadocia.com\/wp-content\/uploads\/2023\/05\/logo-300x81.png 300w\" sizes=\"auto, (max-width: 446px) 100vw, 446px\" \/><\/figure>\n<\/div>\n\n\n<h2 class=\"wp-block-heading has-text-align-center\">M\u00fc\u015fteri ileti\u015fim merkezi<\/h2>\n\n\n\n<h2 class=\"wp-block-heading has-text-align-center\"><strong>0 555 864 38 38<\/strong><\/h2>\n\n\n\n<p class=\"has-text-align-center\">T\u00fcm sorular\u0131n\u0131z i\u00e7in 7\/24 m\u00fc\u015fteri ileti\u015fim merkezimizi arayabilirsiniz. <\/p>\n\n\n\n<p><\/p>\n\n\n\n<p><\/p>\n\n\n\n<h2 class=\"wp-block-heading\">\u0130leti\u015fim Formu<\/h2>\n\n\n<div class=\"wpforms-container wpforms-container-full\" id=\"wpforms-396\"><form id=\"wpforms-form-396\" class=\"wpforms-validate wpforms-form wpforms-ajax-form\" data-formid=\"396\" method=\"post\" enctype=\"multipart\/form-data\" action=\"\/index.php?rest_route=%2Fwp%2Fv2%2Fpages%2F10\" data-token=\"c21dae35d9f8f8c37f38bd1018eea262\"><noscript class=\"wpforms-error-noscript\">Bu formu bitirebilmek i\u00e7in taray\u0131c\u0131n\u0131zda JavaScript&#039;i etkinle\u015ftirin.<\/noscript><div class=\"wpforms-field-container\"><div id=\"wpforms-396-field_0-container\" class=\"wpforms-field wpforms-field-name\" data-field-id=\"0\"><label class=\"wpforms-field-label\" for=\"wpforms-396-field_0\">Ad\u0131n\u0131z: <span class=\"wpforms-required-label\">*<\/span><\/label><div class=\"wpforms-field-row wpforms-field-medium\"><div class=\"wpforms-field-row-block wpforms-first wpforms-one-half\"><input type=\"text\" id=\"wpforms-396-field_0\" class=\"wpforms-field-name-first wpforms-field-required\" name=\"wpforms[fields][0][first]\" required><label for=\"wpforms-396-field_0\" class=\"wpforms-field-sublabel after \">Ad<\/label><\/div><div class=\"wpforms-field-row-block wpforms-one-half\"><input type=\"text\" id=\"wpforms-396-field_0-last\" class=\"wpforms-field-name-last wpforms-field-required\" name=\"wpforms[fields][0][last]\" required><label for=\"wpforms-396-field_0-last\" class=\"wpforms-field-sublabel after \">Soyad<\/label><\/div><\/div><\/div><div id=\"wpforms-396-field_3-container\" class=\"wpforms-field wpforms-field-layout\" data-field-id=\"3\"><label class=\"wpforms-field-label wpforms-label-hide\" for=\"wpforms-396-field_3\">Layout<\/label><div class=\"wpforms-field-layout-columns wpforms-field-layout-preset-50-25-25\"><div class=\"wpforms-layout-column wpforms-layout-column-50\"><div id=\"wpforms-396-field_1-container\" class=\"wpforms-field wpforms-field-email\" data-field-id=\"1\"><label class=\"wpforms-field-label\" for=\"wpforms-396-field_1\">Email: <span class=\"wpforms-required-label\">*<\/span><\/label><input type=\"email\" id=\"wpforms-396-field_1\" class=\"wpforms-field-medium wpforms-field-required\" name=\"wpforms[fields][1]\" required><\/div><div id=\"wpforms-396-field_5-container\" class=\"wpforms-field wpforms-field-text\" data-field-id=\"5\"><label class=\"wpforms-field-label\" for=\"wpforms-396-field_5\">Konu: <span class=\"wpforms-required-label\">*<\/span><\/label><input type=\"text\" id=\"wpforms-396-field_5\" class=\"wpforms-field-medium wpforms-field-required\" name=\"wpforms[fields][5]\" required><\/div><\/div><div class=\"wpforms-layout-column wpforms-layout-column-25\"><div id=\"wpforms-396-field_4-container\" class=\"wpforms-field wpforms-field-phone\" data-field-id=\"4\"><label class=\"wpforms-field-label\" for=\"wpforms-396-field_4\">Telefon:<\/label><input type=\"tel\" id=\"wpforms-396-field_4\" class=\"wpforms-field-medium wpforms-smart-phone-field\" data-rule-smart-phone-field=\"true\" name=\"wpforms[fields][4]\" placeholder=\" \" ><\/div><\/div><div class=\"wpforms-layout-column wpforms-layout-column-25\"><\/div><\/div><\/div><div id=\"wpforms-396-field_2-container\" class=\"wpforms-field wpforms-field-textarea\" data-field-id=\"2\"><label class=\"wpforms-field-label\" for=\"wpforms-396-field_2\">Mesaj\u0131n\u0131z: <span class=\"wpforms-required-label\">*<\/span><\/label><textarea id=\"wpforms-396-field_2\" class=\"wpforms-field-medium wpforms-field-required\" name=\"wpforms[fields][2]\" required><\/textarea><\/div><\/div><div class=\"wpforms-submit-container\"><input type=\"hidden\" name=\"wpforms[id]\" value=\"396\"><input type=\"hidden\" name=\"wpforms[author]\" value=\"2\"><button type=\"submit\" name=\"wpforms[submit]\" id=\"wpforms-submit-396\" class=\"wpforms-submit\" data-alt-text=\"\u0130letiliyor...\" data-submit-text=\"G\u00f6nder\" aria-live=\"assertive\" value=\"wpforms-submit\">G\u00f6nder<\/button><img loading=\"lazy\" decoding=\"async\" src=\"https:\/\/voncappadocia.com\/wp-content\/plugins\/wpforms\/assets\/images\/submit-spin.svg\" class=\"wpforms-submit-spinner\" style=\"display: none;\" width=\"26\" height=\"26\" alt=\"Y\u00fckleniyor\"><\/div><\/form><\/div>  <!-- .wpforms-container -->","protected":false},"excerpt":{"rendered":"<p>M\u00fc\u015fteri ileti\u015fim merkezi 0 555 864 38 38 T\u00fcm sorular\u0131n\u0131z i\u00e7in 7\/24 m\u00fc\u015fteri ileti\u015fim merkezimizi arayabilirsiniz. \u0130leti\u015fim Formu<\/p>\n","protected":false},"author":2,"featured_media":0,"parent":0,"menu_order":0,"comment_status":"closed","ping_status":"closed","template":"","meta":{"footnotes":""},"class_list":["post-10","page","type-page","status-publish","hentry"],"_links":{"self":[{"href":"https:\/\/voncappadocia.com\/index.php?rest_route=\/wp\/v2\/pages\/10","targetHints":{"allow":["GET"]}}],"collection":[{"href":"https:\/\/voncappadocia.com\/index.php?rest_route=\/wp\/v2\/pages"}],"about":[{"href":"https:\/\/voncappadocia.com\/index.php?rest_route=\/wp\/v2\/types\/page"}],"author":[{"embeddable":true,"href":"https:\/\/voncappadocia.com\/index.php?rest_route=\/wp\/v2\/users\/2"}],"replies":[{"embeddable":true,"href":"https:\/\/voncappadocia.com\/index.php?rest_route=%2Fwp%2Fv2%2Fcomments&post=10"}],"version-history":[{"count":9,"href":"https:\/\/voncappadocia.com\/index.php?rest_route=\/wp\/v2\/pages\/10\/revisions"}],"predecessor-version":[{"id":451,"href":"https:\/\/voncappadocia.com\/index.php?rest_route=\/wp\/v2\/pages\/10\/revisions\/451"}],"wp:attachment":[{"href":"https:\/\/voncappadocia.com\/index.php?rest_route=%2Fwp%2Fv2%2Fmedia&parent=10"}],"curies":[{"name":"wp","href":"https:\/\/api.w.org\/{rel}","templated":true}]}}