{"id":437,"date":"2023-05-23T22:54:10","date_gmt":"2023-05-23T19:54:10","guid":{"rendered":"https:\/\/voncappadocia.com\/?page_id=437"},"modified":"2023-05-23T23:08:42","modified_gmt":"2023-05-23T20:08:42","slug":"437-2","status":"publish","type":"page","link":"https:\/\/voncappadocia.com\/?page_id=437","title":{"rendered":"Tarih\u00e7e"},"content":{"rendered":"\n<h2 class=\"wp-block-heading has-x-large-font-size\">Orta Asya \u00c7oban K\u00f6pe\u011fi CAO (ALABAY)<\/h2>\n\n\n\n<h1 class=\"wp-block-heading has-text-color\" style=\"color:#717b80;font-style:normal;font-weight:600\"><em>Koruyucu K\u00f6pek Grubu<\/em><\/h1>\n\n\n\n<p>Orta Asya \u00c7oban K\u00f6pe\u011fi, di\u011fer ad\u0131yla Alabay, Orta Asya&#8217;n\u0131n k\u00f6kenli bir \u00e7oban k\u00f6pe\u011fi \u0131rk\u0131d\u0131r. G\u00fc\u00e7l\u00fc ve cesur bir yap\u0131ya sahip olan Alabay, Orta Asya&#8217;n\u0131n tarih boyunca s\u0131\u011f\u0131r \u00e7obanl\u0131\u011f\u0131 ve g\u00fcvenlik g\u00f6revleri i\u00e7in kullan\u0131lm\u0131\u015ft\u0131r.<\/p>\n\n\n\n<p>Alabai, orta ila b\u00fcy\u00fck boyutlara sahip bir k\u00f6pektir. Erkekler genellikle di\u015filere g\u00f6re daha b\u00fcy\u00fck olabilir ve kilolar\u0131 50 ila 80 kg aras\u0131nda de\u011fi\u015febilir. V\u00fccut yap\u0131lar\u0131 sa\u011flam ve kasl\u0131d\u0131r. Kafalar\u0131 geni\u015f ve g\u00fc\u00e7l\u00fc \u00e7eneleri vard\u0131r. G\u00f6zleri genellikle kahverengi renktedir ve kulaklar\u0131 d\u00fc\u015f\u00fck pozisyonda sark\u0131k durur.<\/p>\n\n\n\n<p>Bu k\u00f6pek \u0131rk\u0131n\u0131n karakteri g\u00fc\u00e7l\u00fc ve koruyucudur. Alabay, sahibine ve ailesine kar\u015f\u0131 son derece sad\u0131k ve koruyucu olabilir. Yabanc\u0131lara kar\u015f\u0131 ise temkinli ve ku\u015fkulu olabilirler. E\u011fitim a\u00e7\u0131s\u0131ndan, do\u011fru sosyalizasyon ve erken ya\u015fta e\u011fitim \u00f6nemlidir. Bu nedenle sab\u0131r, tutarl\u0131l\u0131k ve pozitif y\u00f6ntemlerle \u00e7al\u0131\u015fmak \u00f6nemlidir. \u0130yi bir liderlik ve s\u0131n\u0131rlar\u0131n net bir \u015fekilde belirlenmesi, Alabay\u0131n uyumlu bir evcil hayvana d\u00f6n\u00fc\u015fmesine yard\u0131mc\u0131 olabilir.<\/p>\n\n\n\n<p>Bu cins standard\u0131n\u0131n ama\u00e7lar\u0131 ve ama\u00e7lar\u0131 \u015funlar\u0131 i\u00e7erir: \u0131rklar\u0131n\u0131n kalitesini korumak ve geli\u015ftirmek isteyen yeti\u015ftiriciler i\u00e7in y\u00f6nergeler sa\u011flamak;\u00a0bu cinsi t\u00fcm d\u00fcnyada benzer bir duruma getirmek;\u00a0ve hakimler i\u00e7in bir rehber olarak hareket etmek.<\/p>\n\n\n\n<p>Yeti\u015ftiriciler ve hakimler, bu \u0131rk\u0131n sa\u011fl\u0131\u011f\u0131na, refah\u0131na, \u00f6z\u00fcne ve s\u0131hhatine zarar verecek her t\u00fcrl\u00fc \u015fart ve abart\u0131dan ka\u00e7\u0131nmakla ve bunlar\u0131n tekrarlanmamas\u0131n\u0131 sa\u011flamakla y\u00fck\u00fcml\u00fcd\u00fcrler.<\/p>\n\n\n\n<figure class=\"wp-block-image size-full is-resized\"><img loading=\"lazy\" decoding=\"async\" src=\"https:\/\/voncappadocia.com\/wp-content\/uploads\/2023\/05\/Ortaasya-Coban-Kopegi.jpg\" alt=\"\" class=\"wp-image-227\" width=\"838\" height=\"607\" srcset=\"https:\/\/voncappadocia.com\/wp-content\/uploads\/2023\/05\/Ortaasya-Coban-Kopegi.jpg 515w, https:\/\/voncappadocia.com\/wp-content\/uploads\/2023\/05\/Ortaasya-Coban-Kopegi-300x217.jpg 300w\" sizes=\"auto, (max-width: 838px) 100vw, 838px\" \/><\/figure>\n\n\n\n<h2 class=\"wp-block-heading\">TAR\u0130H<\/h2>\n\n\n\n<p>Binlerce y\u0131ld\u0131r, kulaklar\u0131 ve kuyruklar\u0131 k\u0131rp\u0131lm\u0131\u015f b\u00fcy\u00fck, a\u011f\u0131r yap\u0131l\u0131 k\u00f6pekler, Orta Asya&#8217;n\u0131n g\u00f6\u00e7ebe kabileleri taraf\u0131ndan \u00e7iftlik hayvanlar\u0131n\u0131 y\u0131rt\u0131c\u0131lardan ve di\u011fer m\u00fclkleri h\u0131rs\u0131zlardan korumak i\u00e7in kullan\u0131lm\u0131\u015ft\u0131r.&nbsp;Cins, olduk\u00e7a sert, do\u011fal se\u00e7ilimin bir sonucu olarak geli\u015fti.&nbsp;Orta Asya \u00c7oban K\u00f6pe\u011finin geli\u015fti\u011fi \u00fclkelerdeki iklim, s\u0131cak ve kurudan, \u015fiddetli so\u011fuk ve r\u00fczgarl\u0131ya kadar de\u011fi\u015fir.&nbsp;Yaln\u0131zca en dayan\u0131kl\u0131 yavrular hayatta kald\u0131 ve yaln\u0131zca g\u00fc\u00e7l\u00fc koruma i\u00e7g\u00fcd\u00fclerine sahip olanlar\u0131n s\u00fcr\u00fclerle kalmas\u0131na izin verildi.&nbsp;\u00c7al\u0131\u015fan Orta Asya \u00c7oban K\u00f6pekleri bug\u00fcn hala Afganistan, \u0130ran, Kazakistan, K\u0131rg\u0131zistan, Tacikistan, T\u00fcrkmenistan ve \u00d6zbekistan&#8217;da bulunmaktad\u0131r.&nbsp;Cins, Amerika Birle\u015fik Devletleri&#8217;nde hala \u00e7ok nadirdir.<\/p>\n\n\n\n<h2 class=\"wp-block-heading\">GENEL G\u00d6R\u00dcN\u00dcM<\/h2>\n\n\n\n<p>Orta Asya \u00c7oban K\u00f6pe\u011fi, masif kemik yap\u0131s\u0131 ve g\u00fc\u00e7l\u00fc kaslar\u0131 ile olduk\u00e7a iri bir k\u00f6pektir.&nbsp;V\u00fccut boyundan biraz daha uzundur.&nbsp;Kafa masif.&nbsp;Kulaklar normalde ba\u015fa yak\u0131n k\u0131rp\u0131l\u0131r, ancak do\u011fal olarak k\u00fc\u00e7\u00fckt\u00fcr, d\u00fc\u015fer ve ba\u015f\u0131n alt\u0131nda yer al\u0131r.&nbsp;Kuyruk y\u00fcksekte ve tabanda kal\u0131nd\u0131r ve kenetlenmedi\u011finde orak \u015feklinde dizine kadar sarkar.&nbsp;\u0130ki kat uzunluk kabul edilir, ancak t\u00fcm\u00fc \u00e7ift katl\u0131 ve kal\u0131nd\u0131r.&nbsp;Cinsiyet farkl\u0131l\u0131klar\u0131 bu cinste iyi ifade edilir.&nbsp;Erkekler daha iri ve g\u00fc\u00e7l\u00fcd\u00fcr;&nbsp;di\u015filer yap\u0131 olarak daha k\u00fc\u00e7\u00fck ve daha hafiftir.&nbsp;K\u00f6pekler sert, kasl\u0131 durumda sunulmal\u0131d\u0131r.&nbsp;Orta Asya \u00c7oban K\u00f6pe\u011fi, \u00e7al\u0131\u015fan bir bek\u00e7i k\u00f6pe\u011fi olarak de\u011ferlendirilmeli ve abart\u0131 veya hatalar, k\u00f6pe\u011fin \u00e7al\u0131\u015fma kabiliyetini ne kadar engelledi\u011fi oran\u0131nda cezaland\u0131r\u0131lmal\u0131d\u0131r.<\/p>\n\n\n\n<p>Hata: Obezite.<\/p>\n\n\n\n<h2 class=\"wp-block-heading\">\u00d6ZELL\u0130KLER<\/h2>\n\n\n\n<p>Y\u00fczy\u0131llar boyunca Orta Asya \u00c7oban K\u00f6pe\u011fi, i\u015fini yapmak i\u00e7in kendi zekas\u0131na ve i\u00e7g\u00fcd\u00fclerine g\u00fcvenerek, \u00e7obanlar\u0131n fazla m\u00fcdahalesi olmadan, tek ba\u015f\u0131na veya birka\u00e7 ba\u015fka k\u00f6pekle birlikte \u00e7al\u0131\u015ft\u0131.&nbsp;Bu k\u00f6pekler aile \u00fcyelerine \u00e7ok d\u00fc\u015fk\u00fcn olsalar da kendilerine sayg\u0131 g\u00f6sterilmesini beklerler.&nbsp;Garip insanlardan veya k\u00f6peklerden \u015f\u00fcphelenmeye e\u011filimlidirler.&nbsp;Orta Asyal\u0131lar, \u00e7evrelerindeki de\u011fi\u015fikliklere iyi uyum sa\u011flayan, istikrarl\u0131, dengeli k\u00f6peklerdir.&nbsp;Tehdit edildiklerinde h\u0131zl\u0131 ve tam bir ciddiyetle tepki verirler.&nbsp;Orta Asyal\u0131lar\u0131n olgunla\u015fmas\u0131 yava\u015ft\u0131r ve kapsaml\u0131 sosyalle\u015fme ve sab\u0131rl\u0131 e\u011fitim teknikleri gerektirir.&nbsp;Bu cins dayan\u0131kl\u0131d\u0131r ve \u00e7ok \u00e7e\u015fitli iklimlere uyum sa\u011flayabilir.<\/p>\n\n\n\n<p>Ciddi Hatalar: Sinirli, gergin veya korkak k\u00f6pekler ciddi \u015fekilde cezaland\u0131r\u0131lacakt\u0131r.<\/p>\n\n\n\n<h2 class=\"wp-block-heading\">KAFA<\/h2>\n\n\n\n<p>Ba\u015f v\u00fccutla orant\u0131l\u0131d\u0131r.&nbsp;Profilden bak\u0131ld\u0131\u011f\u0131nda durak hafif ve al\u0131n d\u00fczd\u00fcr.&nbsp;\u00dcst kafatas\u0131n\u0131n d\u00fczlemleri ve namlu k\u00f6pr\u00fcs\u00fc paraleldir.<\/p>\n\n\n\n<h3 class=\"wp-block-heading\">KAFATASI<\/h3>\n\n\n\n<p>Kafatas\u0131, iyi geli\u015fmi\u015f zigomatik kemerlerle geni\u015f ve masiftir.&nbsp;Yanaklar iyi geli\u015fmi\u015ftir ancak belirgin de\u011fildir.&nbsp;Oksiput, iyi geli\u015fmi\u015f kas dokusu ile yumu\u015fat\u0131l\u0131r.<\/p>\n\n\n\n<p>Ciddi Hata: Dar kafatas\u0131.<\/p>\n\n\n\n<h3 class=\"wp-block-heading\">A\u011eIZLIK<\/h3>\n\n\n\n<p>Profilden bak\u0131ld\u0131\u011f\u0131nda, a\u011f\u0131z derin ve k\u00fct, kafatas\u0131 uzunlu\u011fundan biraz daha k\u0131sa ve g\u00f6zlerin alt\u0131 iyice dolgulu.&nbsp;Yukar\u0131dan bak\u0131ld\u0131\u011f\u0131nda, a\u011fz\u0131n taban\u0131 geni\u015ftir ve buruna do\u011fru \u00e7ok az incelir.&nbsp;\u00dcst dudak kal\u0131nd\u0131r ve g\u00fc\u00e7l\u00fc, geni\u015f alt \u00e7enenin \u00fczerinde as\u0131l\u0131d\u0131r.<\/p>\n\n\n\n<p>Ciddi Hatalar: Snipey namlu;&nbsp;\u00e7anak y\u00fcz.<\/p>\n\n\n\n<h3 class=\"wp-block-heading\">D\u0130\u015eLER<\/h3>\n\n\n\n<p>\u00c7ene, b\u00fcy\u00fck, e\u015fit aral\u0131kl\u0131, beyaz di\u015flerin bir makas \u0131s\u0131rmas\u0131nda bir araya gelmesi i\u00e7in geni\u015f bir alan sa\u011flar.&nbsp;Kesici di\u015flerin \u00e7izgisi d\u00fcz ve \u00e7enenin d\u0131\u015f hatlar\u0131na diktir.&nbsp;K\u0131r\u0131k di\u015fler, \u0131s\u0131rman\u0131n do\u011fru bir \u015fekilde de\u011ferlendirilmesini engellemedi\u011fi s\u00fcrece cezaland\u0131r\u0131lmamal\u0131d\u0131r.&nbsp;D\u00fcz bir \u0131s\u0131r\u0131k kabul edilebilir ancak tercih edilmez.<\/p>\n\n\n\n<p>Hatalar: Tek k\u00fc\u00e7\u00fck az\u0131 di\u015flerinin olmamas\u0131;&nbsp;sar\u0131 emaye.<br>Ciddi Hatalar: Kesici di\u015flerin \u00e7apra\u015f\u0131k olmas\u0131na neden olan dar \u00e7ene;&nbsp;k\u00fc\u00e7\u00fck, geni\u015f aral\u0131kl\u0131 di\u015fler.<br>Diskalifiye: Tek k\u00fc\u00e7\u00fck az\u0131 di\u015fleri d\u0131\u015f\u0131nda eksik di\u015fler;&nbsp;fazla \u0131s\u0131rma veya az \u0131s\u0131rma;&nbsp;a\u011fz\u0131 bozuk<\/p>\n\n\n\n<h3 class=\"wp-block-heading\">BURUN<\/h3>\n\n\n\n<p>Burun b\u00fcy\u00fck, geni\u015f ve siyaht\u0131r.&nbsp;Beyaz ve a\u00e7\u0131k kahverengi k\u00f6peklerde burun pigmentinde bir miktar solma kabul edilebilir.<\/p>\n\n\n\n<h3 class=\"wp-block-heading\">G\u00d6ZLER<\/h3>\n\n\n\n<p>G\u00f6zler koyu, oval ve k\u00fc\u00e7\u00fck ila orta b\u00fcy\u00fckl\u00fcktedir.&nbsp;D\u00fcz, derin ve geni\u015f bir \u015fekilde yerle\u015ftirilmi\u015flerdir.&nbsp;G\u00f6z kapaklar\u0131 tamamen pigmentlidir.<\/p>\n\n\n\n<p>Hatalar: G\u00f6z kenarlar\u0131 eksik pigmentli;&nbsp;gev\u015fek, sarkan g\u00f6z kapaklar\u0131;&nbsp;\u00e7\u0131k\u0131nt\u0131l\u0131, yuvarlak veya yak\u0131n g\u00f6zler.<\/p>\n\n\n\n<h3 class=\"wp-block-heading\">KULAKLAR<\/h3>\n\n\n\n<p>Kulaklar k\u0131rp\u0131lm\u0131\u015f veya k\u0131rp\u0131lmam\u0131\u015f olabilir.&nbsp;K\u0131rp\u0131lmam\u0131\u015f kulaklar k\u00fc\u00e7\u00fck, sark\u0131k, \u00fc\u00e7gen ve g\u00f6z hizas\u0131nda veya alt\u0131nda yer al\u0131r.<\/p>\n\n\n\n<p>Hatalar: Y\u00fcksek ayarlanm\u0131\u015f kulaklar.<\/p>\n\n\n\n<h2 class=\"wp-block-heading\">BOYUN<\/h2>\n\n\n\n<p>Boyun g\u00fc\u00e7l\u00fc ve k\u0131sad\u0131r ve s\u0131rt \u00e7izgisine 35 ila 40 derecelik bir a\u00e7\u0131yla ta\u015f\u0131n\u0131r.&nbsp;Boynun oksiputtan omuzlara kadar olan uzunlu\u011fu, oksiputtan burnun ucuna kadar olan ba\u015f\u0131n uzunlu\u011funa yakla\u015f\u0131k olarak e\u015fit olmal\u0131d\u0131r.&nbsp;Boyun biraz incelir ve enine kesiti neredeyse yuvarlakt\u0131r.&nbsp;Boyun derisi, boyun \u00e7evresinde iyi geli\u015fmi\u015f ve elastik deri alt\u0131 doku k\u0131vr\u0131mlar\u0131 ile kal\u0131nd\u0131r.<\/p>\n\n\n\n<p>Hata: Telaffuz edilmi\u015f gerdan.<\/p>\n\n\n\n<h2 class=\"wp-block-heading\">\u00d6N \u00c7EYREK<\/h2>\n\n\n\n<p>K\u00fcrek kemi\u011fi uzun, iyi kasl\u0131 ve orta derecede arkaya yat\u0131r\u0131lm\u0131\u015f, \u00fcst kol ile yakla\u015f\u0131k 100 derecelik bir a\u00e7\u0131 olu\u015fturuyor.&nbsp;\u00d6nden bak\u0131ld\u0131\u011f\u0131nda, \u00f6n ayaklar d\u00fczd\u00fcr ve paralel ve olduk\u00e7a ayr\u0131d\u0131r.&nbsp;Bacak kemikleri masif ve enine kesitte yuvarlakt\u0131r.&nbsp;Bacaklar v\u00fccudun alt\u0131na iyice yerle\u015ftirilmi\u015ftir.&nbsp;\u00d6n baca\u011f\u0131n uzunlu\u011fu (dirsek noktas\u0131ndan yere kadar \u00f6l\u00e7\u00fclen) k\u00f6pe\u011fin boyunun (kald\u0131rma noktas\u0131ndan \u00f6l\u00e7\u00fclen) yar\u0131s\u0131ndan biraz fazla olmal\u0131d\u0131r.&nbsp;Bilekler k\u0131sa, masif ve yandan bak\u0131ld\u0131\u011f\u0131nda hafif e\u011fimlidir.<\/p>\n\n\n\n<h2 class=\"wp-block-heading\">V\u00dcCUT<\/h2>\n\n\n\n<p>Orta Asya \u00c7oban K\u00f6pe\u011fi, boyundan biraz daha uzundur.&nbsp;Kaburgalar iyi yayl\u0131d\u0131r ve dirseklere veya biraz alt\u0131na iner.&nbsp;G\u00f6\u011f\u00fcs geni\u015f ve derindir.&nbsp;S\u0131rt \u00e7izgisi, geni\u015f, kasl\u0131, \u00e7\u0131k\u0131nt\u0131l\u0131 omuzlardan d\u00fcz bir \u00fcst \u00e7izgiye sahip g\u00fc\u00e7l\u00fc, geni\u015f bir s\u0131rta do\u011fru \u00e7ok hafif\u00e7e a\u015fa\u011f\u0131 do\u011fru iner.&nbsp;Bel k\u0131sa, geni\u015f, kasl\u0131 ve hafif kemerlidir.&nbsp;Krup geni\u015f, uzun, kasl\u0131 ve hafif e\u011fimlidir.&nbsp;S\u0131k\u0131\u015fma \u0131l\u0131ml\u0131.&nbsp;Cilt kal\u0131n ve elastiktir.<\/p>\n\n\n\n<p>Hatalar: D\u00fc\u015f\u00fck solma;&nbsp;s\u0131\u011f veya dar g\u00f6\u011f\u00fcs;&nbsp;uzun bel;&nbsp;geri d\u00f6n\u00fc\u015f;&nbsp;kavrulmu\u015f fileto;&nbsp;dar veya dik krup;&nbsp;arkada y\u00fcksek.<\/p>\n\n\n\n<h2 class=\"wp-block-heading\">KI\u00c7<\/h2>\n\n\n\n<p>Arka bacaklar iyi kemiklidir ve diz ve diz eklemlerinde orta derecede a\u00e7\u0131l\u0131d\u0131r.&nbsp;Dizler g\u00fc\u00e7l\u00fc, geni\u015f ve iyi a\u015fa\u011f\u0131 indirilmi\u015f.&nbsp;Arkadan bak\u0131ld\u0131\u011f\u0131nda arka bilekler birbirine paraleldir.&nbsp;Yandan, yere diktirler.&nbsp;Normal bir \u015fekilde dururken, arka bacaklar orta derecede aral\u0131kl\u0131d\u0131r ve kal\u00e7a noktas\u0131ndan yere indirilen bir \u00e7izgi diz noktas\u0131n\u0131n hemen arkas\u0131na d\u00fc\u015fecek \u015fekilde konumland\u0131r\u0131l\u0131r.<\/p>\n\n\n\n<p>Hatalar: Dizler i\u00e7e veya d\u0131\u015fa d\u00f6n\u00fck;&nbsp;bacaklar birbirine \u00e7ok yak\u0131n veya \u00e7ok uzak.<br>Ciddi Hatalar: A\u015f\u0131r\u0131 a\u00e7\u0131l\u0131 dizler veya dizler;&nbsp;arka bacaklar k\u00f6pe\u011fin \u00e7ok gerisinde uzam\u0131\u015ft\u0131r.<\/p>\n\n\n\n<h2 class=\"wp-block-heading\">AYAK<\/h2>\n\n\n\n<p>\u00d6n ayaklar geni\u015f ve oval olup, iyi kemerli, sa\u011flam ve kompakt ayak parmaklar\u0131na sahiptir.&nbsp;Dewclaws kald\u0131r\u0131labilir.<\/p>\n\n\n\n<p>Hatalar: Yay\u0131lm\u0131\u015f veya d\u00fcz ayaklar.<\/p>\n\n\n\n<h2 class=\"wp-block-heading\">KUYRUK<\/h2>\n\n\n\n<p>Kuyruk y\u00fckse\u011fe ayarlanm\u0131\u015ft\u0131r ve v\u00fccuda yak\u0131n veya do\u011fal olarak kenetlenebilir.&nbsp;Kenetlenmemi\u015f bir kuyruk tabanda kal\u0131nd\u0131r ve uca do\u011fru incelir.&nbsp;K\u00f6pek dinlenme halindeyken, kuyru\u011fun alt \u00fc\u00e7te birlik k\u0131sm\u0131 bir kanca olu\u015fturacak \u015fekilde kuyru\u011funa ula\u015f\u0131r.&nbsp;K\u00f6pek hareket halindeyken veya heyecanl\u0131yken kuyruk, s\u0131rt seviyesinin \u00fczerinde orak \u015feklinde bir kanca veya halka \u015feklinde ta\u015f\u0131n\u0131r.<\/p>\n\n\n\n<h2 class=\"wp-block-heading\">KABAN<\/h2>\n\n\n\n<p>Orta Asya \u00c7oban K\u00f6pe\u011fi, daha uzun, kaba d\u0131\u015f koruyucu t\u00fcylerden olu\u015fan bir \u00e7ift kaplamaya ve yumu\u015fak, ince t\u00fcylerden olu\u015fan yo\u011fun bir astara sahiptir.&nbsp;A\u011f\u0131z, al\u0131n ve bacaklar\u0131n \u00f6n k\u0131sm\u0131ndaki kaplama k\u0131sa ve p\u00fcr\u00fczs\u00fczd\u00fcr.&nbsp;Tercih edilmeksizin iki t\u00fcr kat uzunlu\u011fu kabul edilir:<\/p>\n\n\n\n<h3 class=\"wp-block-heading\">UZUN CEKET<\/h3>\n\n\n\n<p>D\u0131\u015f k\u00fcrk\u00fcn t\u00fcyleri 2 &#8211; 3 in\u00e7 uzunlu\u011funda olup, kulaklarda, boyunda, arka bacaklar\u0131n arkas\u0131nda ve kuyrukta iyi geli\u015fmi\u015f mobilyalar bulunur.<\/p>\n\n\n\n<h3 class=\"wp-block-heading\">KISA CEKET<\/h3>\n\n\n\n<p>D\u0131\u015f kaplaman\u0131n t\u00fcyleri 1 &#8211; 2 in\u00e7 uzunlu\u011fundad\u0131r ve mobilyas\u0131zd\u0131r.<\/p>\n\n\n\n<p>Ciddi Hata: Astars\u0131z \u00e7ok k\u0131sa t\u00fcy.<br>Diskalifiye: Yumu\u015fak, k\u0131v\u0131rc\u0131k veya dalgal\u0131 k\u00fcrk.<\/p>\n\n\n\n<h2 class=\"wp-block-heading\">RENK<\/h2>\n\n\n\n<p>Beyaz, siyah, gri, saman rengi, k\u0131rm\u0131z\u0131ms\u0131 kahverengi, gri kahverengi, benekli, alacal\u0131 ve \u00e7izgili.<\/p>\n\n\n\n<h2 class=\"wp-block-heading\">Y\u00dcKSEKL\u0130K VE A\u011eIRLIK<\/h2>\n\n\n\n<p>Omuzlarda \u00f6l\u00e7\u00fclen olgunluktaki minimum boy, erkekler i\u00e7in 27,5 in\u00e7 veya \u00fczeri ve di\u015filer i\u00e7in 25,5 in\u00e7 veya \u00fczeridir.&nbsp;A\u011f\u0131rl\u0131k, boy ile orant\u0131l\u0131 olmal\u0131, dengeli ve heybetli bir g\u00f6r\u00fcn\u00fcm sa\u011flamal\u0131d\u0131r.<br><em>Ciddi Hata:<\/em>&nbsp;Olgun erkekler 26,5 in\u00e7&#8217;in alt\u0131nda, olgun di\u015filer 24,5 in\u00e7&#8217;in alt\u0131nda.<\/p>\n\n\n\n<h2 class=\"wp-block-heading\">Y\u00dcR\u00dcY\u00dc\u015e<\/h2>\n\n\n\n<p>S\u00fcratlide, Orta Asyal\u0131, genellikle yava\u015f, orta uzunlukta ad\u0131mlarla serbest\u00e7e hareket eder.&nbsp;S\u0131rt d\u00fcz kal\u0131r ve her iki taraftaki \u00f6n ve arka bacaklar paralel bir \u015fekilde hareket eder.&nbsp;\u00d6n ve arka bilekler serbest\u00e7e esner.&nbsp;S\u0131rt ve bel elastik ve yayl\u0131d\u0131r.&nbsp;Bununla birlikte, h\u0131z artt\u0131k\u00e7a, bacaklar aras\u0131ndaki geni\u015flik azal\u0131r ve k\u00f6pek a\u011f\u0131r, hantal bir d\u00f6rtnala ko\u015fana kadar tek iz e\u011filimi artar.<\/p>\n\n\n\n<h2 class=\"wp-block-heading\">D\u0130SKAL\u0130F\u0130YELER<\/h2>\n\n\n\n<p>(Diskalifiye olan bir k\u00f6pek, bir konformasyon etkinli\u011fine yerle\u015ftirilmek \u00fczere de\u011ferlendirilmemeli ve UKC&#8217;ye rapor edilmelidir.)<br>Tek tarafl\u0131 veya \u00e7ift tarafl\u0131 kriptor\u015fid.<br>K\u00f6t\u00fcl\u00fck veya a\u015f\u0131r\u0131 utanga\u00e7l\u0131k.<br>Tek bir premolar d\u0131\u015f\u0131nda eksik di\u015fler.<br>A\u015f\u0131r\u0131 \u0131s\u0131rma veya az \u0131s\u0131rma.<br>Alayc\u0131 a\u011f\u0131z.<br>Yumu\u015fak, k\u0131v\u0131rc\u0131k veya dalgal\u0131 ceket.<br>Albinizm.<\/p>\n\n\n\n<p><em>Not: Orta Asya \u00c7oban K\u00f6pekleri, bu cinsin normal bir \u00f6zelli\u011fi oldu\u011fundan, hafif k\u00f6pek sald\u0131rganl\u0131\u011f\u0131 nedeniyle cezaland\u0131r\u0131lmamal\u0131d\u0131r.&nbsp;Bununla birlikte, bak\u0131c\u0131lar, k\u00f6peklerini uygun \u015fekilde kontrol edemedikleri i\u00e7in cezaland\u0131r\u0131labilir.<\/em><\/p>\n","protected":false},"excerpt":{"rendered":"<p>Orta Asya \u00c7oban K\u00f6pe\u011fi CAO (ALABAY) Koruyucu K\u00f6pek Grubu Orta Asya \u00c7oban K\u00f6pe\u011fi, di\u011fer ad\u0131yla Alabay, Orta Asya&#8217;n\u0131n k\u00f6kenli bir \u00e7oban k\u00f6pe\u011fi \u0131rk\u0131d\u0131r. G\u00fc\u00e7l\u00fc ve cesur bir yap\u0131ya sahip olan Alabay, Orta Asya&#8217;n\u0131n tarih boyunca s\u0131\u011f\u0131r \u00e7obanl\u0131\u011f\u0131 ve g\u00fcvenlik g\u00f6revleri i\u00e7in kullan\u0131lm\u0131\u015ft\u0131r. Alabai, orta ila b\u00fcy\u00fck boyutlara sahip bir k\u00f6pektir. Erkekler genellikle di\u015filere g\u00f6re daha [&hellip;]<\/p>\n","protected":false},"author":2,"featured_media":0,"parent":0,"menu_order":0,"comment_status":"closed","ping_status":"closed","template":"","meta":{"footnotes":""},"class_list":["post-437","page","type-page","status-publish","hentry"],"_links":{"self":[{"href":"https:\/\/voncappadocia.com\/index.php?rest_route=\/wp\/v2\/pages\/437","targetHints":{"allow":["GET"]}}],"collection":[{"href":"https:\/\/voncappadocia.com\/index.php?rest_route=\/wp\/v2\/pages"}],"about":[{"href":"https:\/\/voncappadocia.com\/index.php?rest_route=\/wp\/v2\/types\/page"}],"author":[{"embeddable":true,"href":"https:\/\/voncappadocia.com\/index.php?rest_route=\/wp\/v2\/users\/2"}],"replies":[{"embeddable":true,"href":"https:\/\/voncappadocia.com\/index.php?rest_route=%2Fwp%2Fv2%2Fcomments&post=437"}],"version-history":[{"count":7,"href":"https:\/\/voncappadocia.com\/index.php?rest_route=\/wp\/v2\/pages\/437\/revisions"}],"predecessor-version":[{"id":449,"href":"https:\/\/voncappadocia.com\/index.php?rest_route=\/wp\/v2\/pages\/437\/revisions\/449"}],"wp:attachment":[{"href":"https:\/\/voncappadocia.com\/index.php?rest_route=%2Fwp%2Fv2%2Fmedia&parent=437"}],"curies":[{"name":"wp","href":"https:\/\/api.w.org\/{rel}","templated":true}]}}